{"id":45,"date":"2019-07-25T11:44:40","date_gmt":"2019-07-25T09:44:40","guid":{"rendered":"http:\/\/fundacionpombo.org\/tokenspombo\/?page_id=45"},"modified":"2020-10-29T13:29:26","modified_gmt":"2020-10-29T12:29:26","slug":"infancia-y-salud","status":"publish","type":"page","link":"https:\/\/fundacionpombo.org\/tokenspombo\/infancia-y-salud\/","title":{"rendered":"Menores y salud"},"content":{"rendered":"\n<div class=\"wp-block-wemin-block margin-top-0 margin-bottom-60 has-background-image\" style=\"background-image:url(https:\/\/fundacionpombo.org\/tokenspombo\/wp-content\/uploads\/2019\/07\/nino.jpg)\"><div class=\"row mh-500 padding-top-75 padding-bottom-75 padding-left-0 padding-right-0 break-at-tablet-landscape wrap\">\n<div class=\"wp-block-wemin-box col cw-60-100 padding-top-18 padding-bottom-18 padding-left-18 padding-right-18 margin-top-0 margin-bottom-0 has-background has-white-background-color heritage-min-height\" data-sal=\"slide-right\" data-sal-delay=\"300\" data-sal-duration=\"600\" data-sal-easing=\"linear\"><div class=\"col-v-c col-12\">\n<h2 class=\"wp-block-wemin-heading\">Menores y salud. <\/h2>\n\n\n\n<p class=\"has-medium-font-size\">Nuestros menores son extremadamente importantes en la sociedad, son el futuro. Por ello, debemos prestarles la atenci\u00f3n especial que merecen, garantizando el acceso a derechos de ni\u00f1os y j\u00f3venes, y aquellos doblemente vulnerables por tener alguna enfermedad o condici\u00f3n que les dificulte el disfrute de los mismos. La Fundaci\u00f3n desarrolla proyectos con entidades sociales que promueven la mejora de los derechos de estos ni\u00f1os y sus familiares. En este proyecto, coordinaremos abogados <em>pro bono<\/em> con expertos en innovaci\u00f3n social para eliminar barreras legales de acceso a diagn\u00f3stico, tratamiento, medicaci\u00f3n, terapia o seguimiento de su enfermedad, as\u00ed como contar con el apoyo de familiares con independencia del lugar del tratamiento.<br><\/p>\n\n\n\n<div style=\"height:25px\" aria-hidden=\"true\" class=\"wp-block-spacer\"><\/div>\n\n\n\n<div class=\"wp-block-button -outline is-style-squared-outline\"><a class=\"wp-block-button__link has-text-color has-black-color no-border-radius\" href=\"https:\/\/pombos.herokuapp.com\/transactions\/infancia-y-salud\">TOKENS<\/a><\/div>\n<\/div><\/div>\n<\/div><\/div>\n\n\n\n<div class=\"wp-block-wemin-block margin-top-0 margin-bottom-30\"><div class=\"row mh-0 padding-top-30 padding-bottom-30 padding-left-0 padding-right-0 break-at-tablet-landscape wrap\">\n<div class=\"wp-block-wemin-box col cw-100-100 padding-top-0 padding-bottom-0 padding-left-0 padding-right-0 margin-top-0 margin-bottom-0\" data-sal=\"slide-up\" data-sal-delay=\"300\" data-sal-duration=\"800\" data-sal-easing=\"linear\"><div class=\"col-12\">\n<h3 class=\"wp-block-wemin-heading ta-center\">Desarrollo.<\/h3>\n\n\n\r\n\t\t<div class=\"wp-block-getwid-recent-posts has-layout-grid\">\r\n\t\t\t<div class=\"wp-block-getwid-recent-posts__wrapper getwid-columns getwid-columns-3\">\r\n\t\t\t\t\r\n<article id=\"post-555\" class=\"wp-block-getwid-recent-posts__post\">\r\n    <div class=\"wp-block-getwid-recent-posts__post-wrapper\">\r\n                    <div class=\"wp-block-getwid-recent-posts__post-thumbnail\">\r\n                <a href=\"https:\/\/fundacionpombo.org\/tokenspombo\/memoria-de-impacto\/\"><img width=\"1024\" height=\"693\" src=\"https:\/\/fundacionpombo.org\/tokenspombo\/wp-content\/uploads\/2021\/01\/tokencito-1-1024x693.png\" class=\"attachment-large size-large wp-post-image\" alt=\"Memoria de impacto\" loading=\"lazy\" srcset=\"https:\/\/fundacionpombo.org\/tokenspombo\/wp-content\/uploads\/2021\/01\/tokencito-1-1024x693.png 1024w, https:\/\/fundacionpombo.org\/tokenspombo\/wp-content\/uploads\/2021\/01\/tokencito-1-300x203.png 300w, https:\/\/fundacionpombo.org\/tokenspombo\/wp-content\/uploads\/2021\/01\/tokencito-1-768x520.png 768w, https:\/\/fundacionpombo.org\/tokenspombo\/wp-content\/uploads\/2021\/01\/tokencito-1-1536x1040.png 1536w, https:\/\/fundacionpombo.org\/tokenspombo\/wp-content\/uploads\/2021\/01\/tokencito-1-2048x1386.png 2048w\" sizes=\"(max-width: 1024px) 100vw, 1024px\" \/><\/a>\r\n            <\/div>\r\n                            <div class=\"wp-block-getwid-recent-posts__content-wrapper\">\r\n                                    <header class=\"wp-block-getwid-recent-posts__entry-header\">\r\n                                                    <h3 class=\"wp-block-getwid-recent-posts__post-title\"><a href=\"https:\/\/fundacionpombo.org\/tokenspombo\/memoria-de-impacto\/\">Memoria de impacto<\/a><\/h3>                                                                            <div class=\"wp-block-getwid-recent-posts__entry-meta\">\r\n                                                                    <span class=\"wp-block-getwid-recent-posts__post-date\">\r\n                                        <time datetime=\"2021-01-19T11:50:03+01:00\"><a href=\"https:\/\/fundacionpombo.org\/tokenspombo\/2021\/01\/19\/\">19\/01\/2021<\/a><\/time>\r\n                                    <\/span>\r\n                                                            <\/div>\r\n                                            <\/header>\r\n                                <div class=\"wp-block-getwid-recent-posts__post-content\">Nos complace presentar la Memoria de impacto correspondiente a la primera emisi&oacute;n de los Tokens Pombo, donde se recogen algunos de los hitos alcanzados en&hellip;<\/div>\r\n                \r\n                            <\/div>\r\n            <\/div>\r\n<\/article>\r\n\r\n<article id=\"post-578\" class=\"wp-block-getwid-recent-posts__post\">\r\n    <div class=\"wp-block-getwid-recent-posts__post-wrapper\">\r\n                    <div class=\"wp-block-getwid-recent-posts__post-thumbnail\">\r\n                <a href=\"https:\/\/fundacionpombo.org\/tokenspombo\/los-tokens-pombo-tres-veces-premiados-en-2020\/\"><img width=\"1024\" height=\"576\" src=\"https:\/\/fundacionpombo.org\/tokenspombo\/wp-content\/uploads\/2021\/02\/joshua-golde-qIu77BsFdds-unsplash-1024x576.jpg\" class=\"attachment-large size-large wp-post-image\" alt=\"Tres veces premiados en el 2020\" loading=\"lazy\" srcset=\"https:\/\/fundacionpombo.org\/tokenspombo\/wp-content\/uploads\/2021\/02\/joshua-golde-qIu77BsFdds-unsplash-1024x576.jpg 1024w, https:\/\/fundacionpombo.org\/tokenspombo\/wp-content\/uploads\/2021\/02\/joshua-golde-qIu77BsFdds-unsplash-300x169.jpg 300w, https:\/\/fundacionpombo.org\/tokenspombo\/wp-content\/uploads\/2021\/02\/joshua-golde-qIu77BsFdds-unsplash-768x432.jpg 768w, https:\/\/fundacionpombo.org\/tokenspombo\/wp-content\/uploads\/2021\/02\/joshua-golde-qIu77BsFdds-unsplash-1536x864.jpg 1536w, https:\/\/fundacionpombo.org\/tokenspombo\/wp-content\/uploads\/2021\/02\/joshua-golde-qIu77BsFdds-unsplash-2048x1152.jpg 2048w\" sizes=\"(max-width: 1024px) 100vw, 1024px\" \/><\/a>\r\n            <\/div>\r\n                            <div class=\"wp-block-getwid-recent-posts__content-wrapper\">\r\n                                    <header class=\"wp-block-getwid-recent-posts__entry-header\">\r\n                                                    <h3 class=\"wp-block-getwid-recent-posts__post-title\"><a href=\"https:\/\/fundacionpombo.org\/tokenspombo\/los-tokens-pombo-tres-veces-premiados-en-2020\/\">Tres veces premiados en el 2020<\/a><\/h3>                                                                            <div class=\"wp-block-getwid-recent-posts__entry-meta\">\r\n                                                                    <span class=\"wp-block-getwid-recent-posts__post-date\">\r\n                                        <time datetime=\"2020-12-31T07:47:50+01:00\"><a href=\"https:\/\/fundacionpombo.org\/tokenspombo\/2020\/12\/31\/\">31\/12\/2020<\/a><\/time>\r\n                                    <\/span>\r\n                                                            <\/div>\r\n                                            <\/header>\r\n                                <div class=\"wp-block-getwid-recent-posts__post-content\">En junio los&nbsp;Premios Expansi&oacute;n Jur&iacute;dico 2020&nbsp;seleccionaron nuestros Tokens Pombo como &ldquo;mejor proyecto Pro Bono&rdquo;. En septiembre fuimos seleccionados por el&nbsp;Financial Times Innovative Lawyers Europe 2020&nbsp;en&hellip;<\/div>\r\n                \r\n                            <\/div>\r\n            <\/div>\r\n<\/article>\r\n\r\n<article id=\"post-586\" class=\"wp-block-getwid-recent-posts__post\">\r\n    <div class=\"wp-block-getwid-recent-posts__post-wrapper\">\r\n                    <div class=\"wp-block-getwid-recent-posts__post-thumbnail\">\r\n                <a href=\"https:\/\/fundacionpombo.org\/tokenspombo\/resumen-del-acto-un-ano-de-tokens-pombo\/\"><img width=\"1024\" height=\"551\" src=\"https:\/\/fundacionpombo.org\/tokenspombo\/wp-content\/uploads\/2021\/02\/captura-comienzo-vtp-1024x551.png\" class=\"attachment-large size-large wp-post-image\" alt=\"Resumen del acto \u201cUn a\u00f1o de Tokens Pombo\u201d\" loading=\"lazy\" srcset=\"https:\/\/fundacionpombo.org\/tokenspombo\/wp-content\/uploads\/2021\/02\/captura-comienzo-vtp-1024x551.png 1024w, https:\/\/fundacionpombo.org\/tokenspombo\/wp-content\/uploads\/2021\/02\/captura-comienzo-vtp-300x162.png 300w, https:\/\/fundacionpombo.org\/tokenspombo\/wp-content\/uploads\/2021\/02\/captura-comienzo-vtp-768x414.png 768w, https:\/\/fundacionpombo.org\/tokenspombo\/wp-content\/uploads\/2021\/02\/captura-comienzo-vtp-1536x827.png 1536w, https:\/\/fundacionpombo.org\/tokenspombo\/wp-content\/uploads\/2021\/02\/captura-comienzo-vtp.png 1920w\" sizes=\"(max-width: 1024px) 100vw, 1024px\" \/><\/a>\r\n            <\/div>\r\n                            <div class=\"wp-block-getwid-recent-posts__content-wrapper\">\r\n                                    <header class=\"wp-block-getwid-recent-posts__entry-header\">\r\n                                                    <h3 class=\"wp-block-getwid-recent-posts__post-title\"><a href=\"https:\/\/fundacionpombo.org\/tokenspombo\/resumen-del-acto-un-ano-de-tokens-pombo\/\">Resumen del acto \u201cUn a\u00f1o de Tokens Pombo\u201d<\/a><\/h3>                                                                            <div class=\"wp-block-getwid-recent-posts__entry-meta\">\r\n                                                                    <span class=\"wp-block-getwid-recent-posts__post-date\">\r\n                                        <time datetime=\"2020-12-25T07:53:36+01:00\"><a href=\"https:\/\/fundacionpombo.org\/tokenspombo\/2020\/12\/25\/\">25\/12\/2020<\/a><\/time>\r\n                                    <\/span>\r\n                                                            <\/div>\r\n                                            <\/header>\r\n                                <div class=\"wp-block-getwid-recent-posts__post-content\">En este v&iacute;deo, resumimos algunos momentos del acto de celebraci&oacute;n del primer aniversario de nuestros Tokens Pombo. Un acto a modo de di&aacute;logo entre algunos&hellip;<\/div>\r\n                \r\n                            <\/div>\r\n            <\/div>\r\n<\/article>\r\n\r\n<article id=\"post-454\" class=\"wp-block-getwid-recent-posts__post\">\r\n    <div class=\"wp-block-getwid-recent-posts__post-wrapper\">\r\n                    <div class=\"wp-block-getwid-recent-posts__post-thumbnail\">\r\n                <a href=\"https:\/\/fundacionpombo.org\/tokenspombo\/financial-times-reconoce-los-tokens-pombo-como-una-de-las-iniciativas-mas-innovadoras-en-responsabilidad-social-de-la-abogacia\/\"><img width=\"1024\" height=\"620\" src=\"https:\/\/fundacionpombo.org\/tokenspombo\/wp-content\/uploads\/2020\/10\/FT-para-imagen-destacada-1024x620.png\" class=\"attachment-large size-large wp-post-image\" alt=\"&#8216;Financial Times&#8217; reconoce los Tokens Pombo\" loading=\"lazy\" srcset=\"https:\/\/fundacionpombo.org\/tokenspombo\/wp-content\/uploads\/2020\/10\/FT-para-imagen-destacada-1024x620.png 1024w, https:\/\/fundacionpombo.org\/tokenspombo\/wp-content\/uploads\/2020\/10\/FT-para-imagen-destacada-300x182.png 300w, https:\/\/fundacionpombo.org\/tokenspombo\/wp-content\/uploads\/2020\/10\/FT-para-imagen-destacada-768x465.png 768w, https:\/\/fundacionpombo.org\/tokenspombo\/wp-content\/uploads\/2020\/10\/FT-para-imagen-destacada-1536x930.png 1536w, https:\/\/fundacionpombo.org\/tokenspombo\/wp-content\/uploads\/2020\/10\/FT-para-imagen-destacada-2048x1240.png 2048w\" sizes=\"(max-width: 1024px) 100vw, 1024px\" \/><\/a>\r\n            <\/div>\r\n                            <div class=\"wp-block-getwid-recent-posts__content-wrapper\">\r\n                                    <header class=\"wp-block-getwid-recent-posts__entry-header\">\r\n                                                    <h3 class=\"wp-block-getwid-recent-posts__post-title\"><a href=\"https:\/\/fundacionpombo.org\/tokenspombo\/financial-times-reconoce-los-tokens-pombo-como-una-de-las-iniciativas-mas-innovadoras-en-responsabilidad-social-de-la-abogacia\/\">&#8216;Financial Times&#8217; reconoce los Tokens Pombo<\/a><\/h3>                                                                            <div class=\"wp-block-getwid-recent-posts__entry-meta\">\r\n                                                                    <span class=\"wp-block-getwid-recent-posts__post-date\">\r\n                                        <time datetime=\"2020-10-14T13:02:56+02:00\"><a href=\"https:\/\/fundacionpombo.org\/tokenspombo\/2020\/10\/14\/\">14\/10\/2020<\/a><\/time>\r\n                                    <\/span>\r\n                                                            <\/div>\r\n                                            <\/header>\r\n                                <div class=\"wp-block-getwid-recent-posts__post-content\">&lsquo;Financial Times&rsquo; reconoce los Tokens Pombo como una de las iniciativas m&aacute;s innovadoras en responsabilidad social de la abogac&iacute;a. Es un orgullo haber sido seleccionado&hellip;<\/div>\r\n                \r\n                            <\/div>\r\n            <\/div>\r\n<\/article>\r\n\r\n<article id=\"post-441\" class=\"wp-block-getwid-recent-posts__post\">\r\n    <div class=\"wp-block-getwid-recent-posts__post-wrapper\">\r\n                    <div class=\"wp-block-getwid-recent-posts__post-thumbnail\">\r\n                <a href=\"https:\/\/fundacionpombo.org\/tokenspombo\/colaboramos-con-down-espana-durante-la-pandemia\/\"><img width=\"1024\" height=\"620\" src=\"https:\/\/fundacionpombo.org\/tokenspombo\/wp-content\/uploads\/2020\/10\/Guia-DowEspa\u00f1a-cuestioneslaborales-1024x620.png\" class=\"attachment-large size-large wp-post-image\" alt=\"Colaboramos con Down Espa\u00f1a\" loading=\"lazy\" srcset=\"https:\/\/fundacionpombo.org\/tokenspombo\/wp-content\/uploads\/2020\/10\/Guia-DowEspa\u00f1a-cuestioneslaborales-1024x620.png 1024w, https:\/\/fundacionpombo.org\/tokenspombo\/wp-content\/uploads\/2020\/10\/Guia-DowEspa\u00f1a-cuestioneslaborales-300x182.png 300w, https:\/\/fundacionpombo.org\/tokenspombo\/wp-content\/uploads\/2020\/10\/Guia-DowEspa\u00f1a-cuestioneslaborales-768x465.png 768w, https:\/\/fundacionpombo.org\/tokenspombo\/wp-content\/uploads\/2020\/10\/Guia-DowEspa\u00f1a-cuestioneslaborales-1536x930.png 1536w, https:\/\/fundacionpombo.org\/tokenspombo\/wp-content\/uploads\/2020\/10\/Guia-DowEspa\u00f1a-cuestioneslaborales-2048x1240.png 2048w\" sizes=\"(max-width: 1024px) 100vw, 1024px\" \/><\/a>\r\n            <\/div>\r\n                            <div class=\"wp-block-getwid-recent-posts__content-wrapper\">\r\n                                    <header class=\"wp-block-getwid-recent-posts__entry-header\">\r\n                                                    <h3 class=\"wp-block-getwid-recent-posts__post-title\"><a href=\"https:\/\/fundacionpombo.org\/tokenspombo\/colaboramos-con-down-espana-durante-la-pandemia\/\">Colaboramos con Down Espa\u00f1a<\/a><\/h3>                                                                            <div class=\"wp-block-getwid-recent-posts__entry-meta\">\r\n                                                                    <span class=\"wp-block-getwid-recent-posts__post-date\">\r\n                                        <time datetime=\"2020-10-14T12:42:00+02:00\"><a href=\"https:\/\/fundacionpombo.org\/tokenspombo\/2020\/10\/14\/\">14\/10\/2020<\/a><\/time>\r\n                                    <\/span>\r\n                                                            <\/div>\r\n                                            <\/header>\r\n                                <div class=\"wp-block-getwid-recent-posts__post-content\">Teniendo en cuenta la compleja situaci&oacute;n a la que nos enfrentamos durante la crisis provocada por el coronavirus, la reincorporaci&oacute;n laboral de las personas con&hellip;<\/div>\r\n                \r\n                            <\/div>\r\n            <\/div>\r\n<\/article>\r\n\r\n<article id=\"post-435\" class=\"wp-block-getwid-recent-posts__post\">\r\n    <div class=\"wp-block-getwid-recent-posts__post-wrapper\">\r\n                    <div class=\"wp-block-getwid-recent-posts__post-thumbnail\">\r\n                <a href=\"https:\/\/fundacionpombo.org\/tokenspombo\/colaboramos-con-pueblos-unidos-del-servicio-jesuita-a-migrantes-para-apoyar-a-los-jovenes-ex-tutelados\/\"><img width=\"1024\" height=\"613\" src=\"https:\/\/fundacionpombo.org\/tokenspombo\/wp-content\/uploads\/2020\/10\/tim-marshall-Wa-gS5R58gA-unsplash-i-1024x613.jpg\" class=\"attachment-large size-large wp-post-image\" alt=\"Apoyamos a los j\u00f3venes ex-tutelados\" loading=\"lazy\" srcset=\"https:\/\/fundacionpombo.org\/tokenspombo\/wp-content\/uploads\/2020\/10\/tim-marshall-Wa-gS5R58gA-unsplash-i-1024x613.jpg 1024w, https:\/\/fundacionpombo.org\/tokenspombo\/wp-content\/uploads\/2020\/10\/tim-marshall-Wa-gS5R58gA-unsplash-i-300x180.jpg 300w, https:\/\/fundacionpombo.org\/tokenspombo\/wp-content\/uploads\/2020\/10\/tim-marshall-Wa-gS5R58gA-unsplash-i-768x460.jpg 768w, https:\/\/fundacionpombo.org\/tokenspombo\/wp-content\/uploads\/2020\/10\/tim-marshall-Wa-gS5R58gA-unsplash-i-1536x919.jpg 1536w, https:\/\/fundacionpombo.org\/tokenspombo\/wp-content\/uploads\/2020\/10\/tim-marshall-Wa-gS5R58gA-unsplash-i-2048x1226.jpg 2048w\" sizes=\"(max-width: 1024px) 100vw, 1024px\" \/><\/a>\r\n            <\/div>\r\n                            <div class=\"wp-block-getwid-recent-posts__content-wrapper\">\r\n                                    <header class=\"wp-block-getwid-recent-posts__entry-header\">\r\n                                                    <h3 class=\"wp-block-getwid-recent-posts__post-title\"><a href=\"https:\/\/fundacionpombo.org\/tokenspombo\/colaboramos-con-pueblos-unidos-del-servicio-jesuita-a-migrantes-para-apoyar-a-los-jovenes-ex-tutelados\/\">Apoyamos a los j\u00f3venes ex-tutelados<\/a><\/h3>                                                                            <div class=\"wp-block-getwid-recent-posts__entry-meta\">\r\n                                                                    <span class=\"wp-block-getwid-recent-posts__post-date\">\r\n                                        <time datetime=\"2020-06-01T08:18:11+02:00\"><a href=\"https:\/\/fundacionpombo.org\/tokenspombo\/2020\/06\/01\/\">01\/06\/2020<\/a><\/time>\r\n                                    <\/span>\r\n                                                            <\/div>\r\n                                            <\/header>\r\n                                <div class=\"wp-block-getwid-recent-posts__post-content\">A ra&iacute;z de la Instrucci&oacute;n 1\/2020 por la que se habilitaba a trabajar a los menores extranjeros en edad laboral, junto con las medidas de&hellip;<\/div>\r\n                \r\n                            <\/div>\r\n            <\/div>\r\n<\/article>\r\n\t\t\t<\/div>\r\n\t\t<\/div>\r\n\t\t<\/div><\/div>\n<\/div><\/div>\n\n\n\n<div class=\"wp-block-wemin-block margin-top-0 margin-bottom-22\"><div class=\"row mh-0 padding-top-30 padding-bottom-0 padding-left-0 padding-right-0 break-at-tablet-landscape wrap\">\n<div class=\"wp-block-wemin-box col cw-100-100 padding-top-0 padding-bottom-0 padding-left-0 padding-right-0 margin-top-0 margin-bottom-0\" data-sal=\"\" data-sal-delay=\"100\" data-sal-duration=\"500\" data-sal-easing=\"linear\"><div class=\"col-12\">\n<h3 class=\"wp-block-wemin-heading ta-center\">Contribuyendo a los ODS.<\/h3>\n<\/div><\/div>\n<\/div><\/div>\n\n\n\n<div class=\"wp-block-wemin-block margin-top-0 margin-bottom-30\"><div class=\"row row-c mh-0 padding-top-0 padding-bottom-30 padding-left-0 padding-right-0 break-at-always wrap grid\">\n<div class=\"wp-block-wemin-box col cw-0-100 padding-top-0 padding-bottom-0 padding-left-0 padding-right-0 margin-top-0 margin-bottom-0\" data-sal=\"\" data-sal-delay=\"100\" data-sal-duration=\"500\" data-sal-easing=\"linear\"><div class=\"col-12\">\n<figure class=\"wp-block-image is-resized\"><a href=\"https:\/\/www.un.org\/sustainabledevelopment\/es\/health\/\" target=\"_blank\" rel=\"noreferrer noopener\"><img loading=\"lazy\" src=\"https:\/\/fundacionpombo.org\/tokenspombo\/wp-content\/uploads\/2019\/07\/S_SDG-goals_icons-individual-rgb-03-300x300.png\" alt=\"\" class=\"wp-image-28\" width=\"150\" height=\"150\" srcset=\"https:\/\/fundacionpombo.org\/tokenspombo\/wp-content\/uploads\/2019\/07\/S_SDG-goals_icons-individual-rgb-03-300x300.png 300w, https:\/\/fundacionpombo.org\/tokenspombo\/wp-content\/uploads\/2019\/07\/S_SDG-goals_icons-individual-rgb-03-150x150.png 150w, https:\/\/fundacionpombo.org\/tokenspombo\/wp-content\/uploads\/2019\/07\/S_SDG-goals_icons-individual-rgb-03-768x768.png 768w, https:\/\/fundacionpombo.org\/tokenspombo\/wp-content\/uploads\/2019\/07\/S_SDG-goals_icons-individual-rgb-03-1024x1024.png 1024w, https:\/\/fundacionpombo.org\/tokenspombo\/wp-content\/uploads\/2019\/07\/S_SDG-goals_icons-individual-rgb-03.png 1500w\" sizes=\"(max-width: 150px) 100vw, 150px\" \/><\/a><\/figure>\n<\/div><\/div>\n\n\n\n<div class=\"wp-block-wemin-box col cw-0-100 padding-top-0 padding-bottom-0 padding-left-0 padding-right-0 margin-top-0 margin-bottom-0\" data-sal=\"\" data-sal-delay=\"100\" data-sal-duration=\"500\" data-sal-easing=\"linear\"><div class=\"col-12\">\n<figure class=\"wp-block-image is-resized\"><a href=\"https:\/\/www.un.org\/sustainabledevelopment\/es\/inequality\/\" target=\"_blank\" rel=\"noreferrer noopener\"><img loading=\"lazy\" src=\"https:\/\/fundacionpombo.org\/tokenspombo\/wp-content\/uploads\/2019\/07\/S_SDG-goals_icons-individual-rgb-10-300x300.png\" alt=\"\" class=\"wp-image-30\" width=\"150\" height=\"150\" srcset=\"https:\/\/fundacionpombo.org\/tokenspombo\/wp-content\/uploads\/2019\/07\/S_SDG-goals_icons-individual-rgb-10-300x300.png 300w, https:\/\/fundacionpombo.org\/tokenspombo\/wp-content\/uploads\/2019\/07\/S_SDG-goals_icons-individual-rgb-10-150x150.png 150w, https:\/\/fundacionpombo.org\/tokenspombo\/wp-content\/uploads\/2019\/07\/S_SDG-goals_icons-individual-rgb-10-768x768.png 768w, https:\/\/fundacionpombo.org\/tokenspombo\/wp-content\/uploads\/2019\/07\/S_SDG-goals_icons-individual-rgb-10-1024x1024.png 1024w, https:\/\/fundacionpombo.org\/tokenspombo\/wp-content\/uploads\/2019\/07\/S_SDG-goals_icons-individual-rgb-10.png 1500w\" sizes=\"(max-width: 150px) 100vw, 150px\" \/><\/a><\/figure>\n<\/div><\/div>\n\n\n\n<div class=\"wp-block-wemin-box col cw-0-100 padding-top-0 padding-bottom-0 padding-left-0 padding-right-0 margin-top-0 margin-bottom-0\" data-sal=\"\" data-sal-delay=\"100\" data-sal-duration=\"500\" data-sal-easing=\"linear\"><div class=\"col-12\">\n<figure class=\"wp-block-image is-resized\"><a href=\"https:\/\/www.un.org\/sustainabledevelopment\/es\/peace-justice\/\" target=\"_blank\" rel=\"noreferrer noopener\"><img loading=\"lazy\" src=\"https:\/\/fundacionpombo.org\/tokenspombo\/wp-content\/uploads\/2019\/07\/S_SDG-goals_icons-individual-rgb-16-300x300.png\" alt=\"\" class=\"wp-image-25\" width=\"150\" height=\"150\" srcset=\"https:\/\/fundacionpombo.org\/tokenspombo\/wp-content\/uploads\/2019\/07\/S_SDG-goals_icons-individual-rgb-16-300x300.png 300w, https:\/\/fundacionpombo.org\/tokenspombo\/wp-content\/uploads\/2019\/07\/S_SDG-goals_icons-individual-rgb-16-150x150.png 150w, https:\/\/fundacionpombo.org\/tokenspombo\/wp-content\/uploads\/2019\/07\/S_SDG-goals_icons-individual-rgb-16-768x768.png 768w, https:\/\/fundacionpombo.org\/tokenspombo\/wp-content\/uploads\/2019\/07\/S_SDG-goals_icons-individual-rgb-16-1024x1024.png 1024w, https:\/\/fundacionpombo.org\/tokenspombo\/wp-content\/uploads\/2019\/07\/S_SDG-goals_icons-individual-rgb-16.png 1500w\" sizes=\"(max-width: 150px) 100vw, 150px\" \/><\/a><\/figure>\n<\/div><\/div>\n\n\n\n<div class=\"wp-block-wemin-box col cw-0-100 padding-top-0 padding-bottom-0 padding-left-0 padding-right-0 margin-top-0 margin-bottom-0\" data-sal=\"\" data-sal-delay=\"100\" data-sal-duration=\"500\" data-sal-easing=\"linear\"><div class=\"col-12\">\n<figure class=\"wp-block-image is-resized\"><a href=\"https:\/\/www.un.org\/sustainabledevelopment\/es\/globalpartnerships\/\" target=\"_blank\" rel=\"noreferrer noopener\"><img loading=\"lazy\" src=\"https:\/\/fundacionpombo.org\/tokenspombo\/wp-content\/uploads\/2019\/07\/S_SDG-goals_icons-individual-rgb-17-300x300.png\" alt=\"\" class=\"wp-image-26\" width=\"150\" height=\"150\" srcset=\"https:\/\/fundacionpombo.org\/tokenspombo\/wp-content\/uploads\/2019\/07\/S_SDG-goals_icons-individual-rgb-17-300x300.png 300w, https:\/\/fundacionpombo.org\/tokenspombo\/wp-content\/uploads\/2019\/07\/S_SDG-goals_icons-individual-rgb-17-150x150.png 150w, https:\/\/fundacionpombo.org\/tokenspombo\/wp-content\/uploads\/2019\/07\/S_SDG-goals_icons-individual-rgb-17-768x768.png 768w, https:\/\/fundacionpombo.org\/tokenspombo\/wp-content\/uploads\/2019\/07\/S_SDG-goals_icons-individual-rgb-17-1024x1024.png 1024w, https:\/\/fundacionpombo.org\/tokenspombo\/wp-content\/uploads\/2019\/07\/S_SDG-goals_icons-individual-rgb-17.png 1500w\" sizes=\"(max-width: 150px) 100vw, 150px\" \/><\/a><\/figure>\n<\/div><\/div>\n<\/div><\/div>\n","protected":false},"excerpt":{"rendered":"","protected":false},"author":1,"featured_media":0,"parent":0,"menu_order":0,"comment_status":"closed","ping_status":"closed","template":"","meta":[],"_links":{"self":[{"href":"https:\/\/fundacionpombo.org\/tokenspombo\/wp-json\/wp\/v2\/pages\/45"}],"collection":[{"href":"https:\/\/fundacionpombo.org\/tokenspombo\/wp-json\/wp\/v2\/pages"}],"about":[{"href":"https:\/\/fundacionpombo.org\/tokenspombo\/wp-json\/wp\/v2\/types\/page"}],"author":[{"embeddable":true,"href":"https:\/\/fundacionpombo.org\/tokenspombo\/wp-json\/wp\/v2\/users\/1"}],"replies":[{"embeddable":true,"href":"https:\/\/fundacionpombo.org\/tokenspombo\/wp-json\/wp\/v2\/comments?post=45"}],"version-history":[{"count":16,"href":"https:\/\/fundacionpombo.org\/tokenspombo\/wp-json\/wp\/v2\/pages\/45\/revisions"}],"predecessor-version":[{"id":534,"href":"https:\/\/fundacionpombo.org\/tokenspombo\/wp-json\/wp\/v2\/pages\/45\/revisions\/534"}],"wp:attachment":[{"href":"https:\/\/fundacionpombo.org\/tokenspombo\/wp-json\/wp\/v2\/media?parent=45"}],"curies":[{"name":"wp","href":"https:\/\/api.w.org\/{rel}","templated":true}]}}