{"id":51,"date":"2019-07-25T11:51:21","date_gmt":"2019-07-25T09:51:21","guid":{"rendered":"http:\/\/fundacionpombo.org\/tokenspombo\/?page_id=51"},"modified":"2021-05-03T13:10:53","modified_gmt":"2021-05-03T11:10:53","slug":"inicio","status":"publish","type":"page","link":"https:\/\/fundacionpombo.org\/tokenspombo\/","title":{"rendered":"Inicio"},"content":{"rendered":"\r\n<div class=\"wp-block-wemin-block margin-top-0 margin-bottom-60 has-background-image\" style=\"background-image: url('https:\/\/fundacionpombo.org\/tokenspombo\/wp-content\/uploads\/2019\/07\/barco-inverso.jpg');\">\r\n<div class=\"row mh-500 padding-top-75 padding-bottom-75 padding-left-0 padding-right-0 break-at-tablet-landscape wrap\">\r\n<div class=\"wp-block-wemin-box col cw-60-100 padding-top-18 padding-bottom-18 padding-left-18 padding-right-18 margin-top-0 margin-bottom-0 has-background has-white-background-color heritage-min-height\" data-sal=\"slide-up\" data-sal-delay=\"100\" data-sal-duration=\"500\" data-sal-easing=\"linear\">\r\n<div class=\"col-v-c col-12\">\r\n<h2 class=\"wp-block-wemin-heading\"><strong>TOKENS POMBO<\/strong><\/h2>\r\n\r\n\r\n\r\n<p class=\"has-medium-font-size\">Iniciativa pionera en el sector legal promovida por la Fundaci\u00f3n Fernando Pombo y G\u00f3mez-Acebo &amp; Pombo, para impulsar proyectos de innovaci\u00f3n jur\u00eddica para la transformaci\u00f3n social.\u00a0<\/p>\r\n\r\n\r\n\r\n<p class=\"has-medium-font-size\">Los <strong>TOKENS POMBO<\/strong> desarrollan proyectos de acceso a la justicia para los m\u00e1s vulnerables de la Fundaci\u00f3n Fernando Pombo, apoy\u00e1ndose en la soluci\u00f3n Blockchain desarrollada por Blockchain Work Labs y el trabajo en red con abogados pro bono de G\u00f3mez-Acebo &amp; Pombo.<\/p>\r\n\r\n\r\n\r\n<div class=\"wp-block-spacer\" style=\"height: 25px;\" aria-hidden=\"true\">\u00a0<\/div>\r\n\r\n\r\n\r\n<div class=\"wp-block-file\"><a href=\"https:\/\/fundacionpombo.org\/tokenspombo\/wp-content\/uploads\/2019\/07\/Documento-Informativo-sobre-los-Tokens-Pombo.pdf\" target=\"_blank\" rel=\"noreferrer noopener\">Documento Informativo sobre los Tokens Pombo<\/a><a class=\"wp-block-file__button\" href=\"https:\/\/fundacionpombo.org\/tokenspombo\/wp-content\/uploads\/2019\/07\/Documento-Informativo-sobre-los-Tokens-Pombo.pdf\" download=\"\">Descarga<\/a><\/div>\r\n\r\n\r\n\r\n<div class=\"wp-block-file\"><a href=\"https:\/\/fundacionpombo.org\/tokenspombo\/wp-content\/uploads\/2021\/01\/Memoria-de-impacto-Tokens-Pombo-2020.pdf\">Memoria de impacto de los Tokens Pombo 2019-2020<\/a><a class=\"wp-block-file__button\" href=\"https:\/\/fundacionpombo.org\/tokenspombo\/wp-content\/uploads\/2021\/01\/Memoria-de-impacto-Tokens-Pombo-2020.pdf\" download=\"\">Descarga<\/a><\/div>\r\n<\/div>\r\n<\/div>\r\n<\/div>\r\n<\/div>\r\n\r\n\r\n\r\n<div class=\"wp-block-wemin-block margin-top-0 margin-bottom-30\">\r\n<div class=\"row mh-0 padding-top-30 padding-bottom-30 padding-left-0 padding-right-0 break-at-tablet-landscape wrap\">\r\n<div class=\"wp-block-wemin-box col cw-100-100 padding-top-0 padding-bottom-0 padding-left-0 padding-right-0 margin-top-0 margin-bottom-0\" data-sal=\"\" data-sal-delay=\"100\" data-sal-duration=\"500\" data-sal-easing=\"linear\">\r\n<div class=\"col-12\">\r\n<h3>\u00a0<\/h3>\r\n<h3 style=\"text-align: center;\"><iframe title=\"YouTube video player\" src=\"https:\/\/www.youtube.com\/embed\/l_JDBChtq1o\" width=\"560\" height=\"315\" frameborder=\"0\" allowfullscreen=\"allowfullscreen\"><\/iframe><\/h3>\r\n<h3 class=\"wp-block-getwid-advanced-heading__content\" style=\"text-align: left;\">\u00a0<\/h3>\r\n<p>&nbsp;<\/p>\r\n<h3>Oferta de Tokens Pombo<\/h3>\r\n<h3 style=\"text-align: center;\">\r\n\r\n<\/h3>\r\n<p class=\"has-medium-font-size\" style=\"text-align: left;\">La primera emisi\u00f3n de Pombos \u2013<em>tokens <\/em>que representan los derechos sobre las horas <em>pro bono <\/em>de los abogados de G\u00f3mez-Acebo &amp; Pombo &#8211; tuvo lugar el 15 de octubre de 2019. Dicha emisi\u00f3n ha constado de un total de trescientos cincuenta (350) Pombos, cada uno de los cuales ha otorgado el derecho de asignaci\u00f3n de una hora de trabajo <em>pro bono<\/em> de abogado (elegido de entre un conjunto de abogados de G\u00f3mez-Acebo &amp; Pombo) al proyecto de la Fundaci\u00f3n Fernando Pombo seleccionado por el adquirente.<\/p>\r\n<h3 style=\"text-align: center;\">\r\n\r\n\r\n\r\n<\/h3>\r\n<p class=\"has-medium-font-size\" style=\"text-align: left;\">Las horas <em>pro bono<\/em> asignadas a cada proyecto han sido gestionadas por la Fundaci\u00f3n, que, en funci\u00f3n de las necesidades espec\u00edficas, ha solicitado a G\u00f3mez-Acebo &amp; Pombo los perfiles de los abogados necesarios para el \u00e9xito del proyecto. El dinero recibido por los <em>tokens <\/em>es transferido autom\u00e1ticamente por G\u00f3mez-Acebo &amp; Pombo a la Fundaci\u00f3n Fernando Pombo en nombre del suscriptor de los mismos.<\/p>\r\n<h3 style=\"text-align: center;\">\r\n\r\n\r\n\r\n<\/h3>\r\n<p class=\"has-medium-font-size\" style=\"text-align: left;\">El Despacho no percibe honorario alguno por su labor de mediaci\u00f3n ni por la colocaci\u00f3n de los tokens entre los suscriptores. Ni el Despacho ni la Fundaci\u00f3n destinan cantidad alguna recaudada a la elaboraci\u00f3n de la tecnolog\u00eda, la cual esta plenamente operativa desde el mismo momento de la comercializaci\u00f3n de los <em>tokens<\/em>. Las donaciones van \u00edntegramente destinadas a la ejecuci\u00f3n de los proyectos de acceso a derechos de la Fundaci\u00f3n.<\/p>\r\n<h3 style=\"text-align: center;\"><\/h3>\r\n<\/div>\r\n<\/div>\r\n<\/div>\r\n<\/div>\r\n\r\n\r\n\r\n<div class=\"wp-block-wemin-block margin-top-0 margin-bottom-0\">\r\n<div class=\"row mh-0 padding-top-30 padding-bottom-30 padding-left-0 padding-right-0 break-at-tablet-landscape wrap\">\r\n<div class=\"wp-block-wemin-box col cw-100-100 padding-top-0 padding-bottom-0 padding-left-0 padding-right-0 margin-top-0 margin-bottom-0\" data-sal=\"\" data-sal-delay=\"100\" data-sal-duration=\"500\" data-sal-easing=\"linear\">\r\n<div class=\"col-12\">\r\n<h2 id=\"proyectos\" class=\"has-text-align-center\">Proyectos<\/h2>\r\n\r\n\r\n\r\n<div class=\"wp-block-wemin-block margin-top-0 margin-bottom-30\">\r\n<div class=\"row row-sb mh-0 padding-top-30 padding-bottom-30 padding-left-0 padding-right-0 break-at-tablet-landscape wrap\">\r\n<div class=\"wp-block-wemin-box col cw-30-100 padding-top-0 padding-bottom-0 padding-left-0 padding-right-0 margin-top-0 margin-bottom-30 has-border\" data-sal=\"\" data-sal-delay=\"100\" data-sal-duration=\"500\" data-sal-easing=\"linear\">\r\n<div class=\"col-v-sb col-12\">\r\n<figure class=\"wp-block-image\"><img loading=\"lazy\" width=\"1024\" height=\"1024\" class=\"wp-image-17\" src=\"https:\/\/fundacionpombo.org\/tokenspombo\/wp-content\/uploads\/2019\/07\/mujer-cuadrada-1024x1024.jpg\" alt=\"\" srcset=\"https:\/\/fundacionpombo.org\/tokenspombo\/wp-content\/uploads\/2019\/07\/mujer-cuadrada-1024x1024.jpg 1024w, https:\/\/fundacionpombo.org\/tokenspombo\/wp-content\/uploads\/2019\/07\/mujer-cuadrada-150x150.jpg 150w, https:\/\/fundacionpombo.org\/tokenspombo\/wp-content\/uploads\/2019\/07\/mujer-cuadrada-300x300.jpg 300w, https:\/\/fundacionpombo.org\/tokenspombo\/wp-content\/uploads\/2019\/07\/mujer-cuadrada-768x768.jpg 768w\" sizes=\"(max-width: 1024px) 100vw, 1024px\" \/><\/figure>\r\n\r\n\r\n\r\n<h3 class=\"wp-block-wemin-heading ta-center\">Mujeres mayores y adolescentes en situaci\u00f3n de violencia de g\u00e9nero<\/h3>\r\n\r\n\r\n\r\n<div class=\"wp-block-wemin-block margin-top-0 margin-bottom-0\">\r\n<div class=\"row row-c mh-0 padding-top-0 padding-bottom-0 padding-left-0 padding-right-0 break-at-always wrap\">\r\n<div class=\"wp-block-wemin-box col cw-0-100 padding-top-12 padding-bottom-12 padding-left-0 padding-right-18 margin-top-0 margin-bottom-0\" data-sal=\"\" data-sal-delay=\"100\" data-sal-duration=\"500\" data-sal-easing=\"linear\">\r\n<div class=\"col-12\">\r\n<div class=\"wp-block-button -outline is-style-squared-outline\"><a class=\"wp-block-button__link has-red-color has-white-background-color has-text-color has-background no-border-radius\" href=\"https:\/\/fundacionpombo.org\/tokenspombo\/mujeres-mayores-y-adolescentes-en-situacion-de-violencia-de-genero\/\">IMPACTO<\/a><\/div>\r\n<\/div>\r\n<\/div>\r\n\r\n\r\n\r\n<div class=\"wp-block-wemin-box col cw-0-100 padding-top-12 padding-bottom-12 padding-left-18 padding-right-0 margin-top-0 margin-bottom-0\" data-sal=\"\" data-sal-delay=\"100\" data-sal-duration=\"500\" data-sal-easing=\"linear\">\r\n<div class=\"col-12\">\r\n<div class=\"wp-block-button -outline is-style-squared-outline\"><a class=\"wp-block-button__link has-red-color has-white-background-color has-text-color has-background no-border-radius\" href=\"https:\/\/pombos.herokuapp.com\/transactions\/violencia-de-genero\">TOKENS<\/a><\/div>\r\n<\/div>\r\n<\/div>\r\n<\/div>\r\n<\/div>\r\n<\/div>\r\n<\/div>\r\n\r\n\r\n\r\n<div class=\"wp-block-wemin-box col cw-30-100 padding-top-0 padding-bottom-0 padding-left-0 padding-right-0 margin-top-0 margin-bottom-30 has-border\" data-sal=\"\" data-sal-delay=\"100\" data-sal-duration=\"500\" data-sal-easing=\"linear\">\r\n<div class=\"col-v-sb col-12\">\r\n<figure class=\"wp-block-image\"><img loading=\"lazy\" width=\"1024\" height=\"1024\" class=\"wp-image-13\" src=\"https:\/\/fundacionpombo.org\/tokenspombo\/wp-content\/uploads\/2019\/07\/alambrada-cuadrada-1024x1024.jpg\" alt=\"\" srcset=\"https:\/\/fundacionpombo.org\/tokenspombo\/wp-content\/uploads\/2019\/07\/alambrada-cuadrada-1024x1024.jpg 1024w, https:\/\/fundacionpombo.org\/tokenspombo\/wp-content\/uploads\/2019\/07\/alambrada-cuadrada-150x150.jpg 150w, https:\/\/fundacionpombo.org\/tokenspombo\/wp-content\/uploads\/2019\/07\/alambrada-cuadrada-300x300.jpg 300w, https:\/\/fundacionpombo.org\/tokenspombo\/wp-content\/uploads\/2019\/07\/alambrada-cuadrada-768x768.jpg 768w\" sizes=\"(max-width: 1024px) 100vw, 1024px\" \/><\/figure>\r\n\r\n\r\n\r\n<h3 class=\"wp-block-wemin-heading ta-center\">V\u00edctimas de trata con fines de explotaci\u00f3n sexual<\/h3>\r\n\r\n\r\n\r\n<div class=\"wp-block-wemin-block margin-top-0 margin-bottom-0\">\r\n<div class=\"row row-c mh-0 padding-top-0 padding-bottom-0 padding-left-0 padding-right-0 break-at-always wrap\">\r\n<div class=\"wp-block-wemin-box col cw-0-100 padding-top-12 padding-bottom-12 padding-left-0 padding-right-18 margin-top-0 margin-bottom-0\" data-sal=\"\" data-sal-delay=\"100\" data-sal-duration=\"500\" data-sal-easing=\"linear\">\r\n<div class=\"col-12\">\r\n<div class=\"wp-block-button -outline is-style-squared-outline\"><a class=\"wp-block-button__link has-red-color has-white-background-color has-text-color has-background no-border-radius\" href=\"https:\/\/fundacionpombo.org\/tokenspombo\/victimas-de-trata-con-fines-de-explotacion-sexual\/\">IMPACTO<\/a><\/div>\r\n<\/div>\r\n<\/div>\r\n\r\n\r\n\r\n<div class=\"wp-block-wemin-box col cw-0-100 padding-top-12 padding-bottom-12 padding-left-18 padding-right-0 margin-top-0 margin-bottom-0\" data-sal=\"\" data-sal-delay=\"100\" data-sal-duration=\"500\" data-sal-easing=\"linear\">\r\n<div class=\"col-12\">\r\n<div class=\"wp-block-button -outline is-style-squared-outline\"><a class=\"wp-block-button__link has-red-color has-white-background-color has-text-color has-background no-border-radius\" href=\"https:\/\/pombos.herokuapp.com\/transactions\/explotacion-sexual\">TOKENS<\/a><\/div>\r\n<\/div>\r\n<\/div>\r\n<\/div>\r\n<\/div>\r\n<\/div>\r\n<\/div>\r\n\r\n\r\n\r\n<div class=\"wp-block-wemin-box col cw-30-100 padding-top-0 padding-bottom-0 padding-left-0 padding-right-0 margin-top-0 margin-bottom-30 has-border\" data-sal=\"\" data-sal-delay=\"100\" data-sal-duration=\"500\" data-sal-easing=\"linear\">\r\n<div class=\"col-v-sb col-12\">\r\n<figure class=\"wp-block-image\"><img loading=\"lazy\" width=\"1024\" height=\"1024\" class=\"wp-image-63\" src=\"https:\/\/fundacionpombo.org\/tokenspombo\/wp-content\/uploads\/2019\/07\/nino-cuadrada-1024x1024.jpg\" alt=\"\" srcset=\"https:\/\/fundacionpombo.org\/tokenspombo\/wp-content\/uploads\/2019\/07\/nino-cuadrada-1024x1024.jpg 1024w, https:\/\/fundacionpombo.org\/tokenspombo\/wp-content\/uploads\/2019\/07\/nino-cuadrada-150x150.jpg 150w, https:\/\/fundacionpombo.org\/tokenspombo\/wp-content\/uploads\/2019\/07\/nino-cuadrada-300x300.jpg 300w, https:\/\/fundacionpombo.org\/tokenspombo\/wp-content\/uploads\/2019\/07\/nino-cuadrada-768x768.jpg 768w\" sizes=\"(max-width: 1024px) 100vw, 1024px\" \/><\/figure>\r\n\r\n\r\n\r\n<h3 class=\"wp-block-wemin-heading ta-center\">Menores y salud<\/h3>\r\n\r\n\r\n\r\n<div class=\"wp-block-wemin-block margin-top-0 margin-bottom-0\">\r\n<div class=\"row row-c mh-0 padding-top-0 padding-bottom-0 padding-left-0 padding-right-0 break-at-always wrap\">\r\n<div class=\"wp-block-wemin-box col cw-0-100 padding-top-12 padding-bottom-12 padding-left-0 padding-right-18 margin-top-0 margin-bottom-0\" data-sal=\"\" data-sal-delay=\"100\" data-sal-duration=\"500\" data-sal-easing=\"linear\">\r\n<div class=\"col-12\">\r\n<div class=\"wp-block-button -outline is-style-squared-outline\"><a class=\"wp-block-button__link has-red-color has-white-background-color has-text-color has-background no-border-radius\" href=\"https:\/\/fundacionpombo.org\/tokenspombo\/infancia-y-salud\/\">IMPACTO<\/a><\/div>\r\n<\/div>\r\n<\/div>\r\n\r\n\r\n\r\n<div class=\"wp-block-wemin-box col cw-0-100 padding-top-12 padding-bottom-12 padding-left-18 padding-right-0 margin-top-0 margin-bottom-0\" data-sal=\"\" data-sal-delay=\"100\" data-sal-duration=\"500\" data-sal-easing=\"linear\">\r\n<div class=\"col-12\">\r\n<div class=\"wp-block-button -outline is-style-squared-outline\"><a class=\"wp-block-button__link has-red-color has-white-background-color has-text-color has-background no-border-radius\" href=\"https:\/\/pombos.herokuapp.com\/transactions\/infancia-y-salud\">TOKENS<\/a><\/div>\r\n<\/div>\r\n<\/div>\r\n<\/div>\r\n<\/div>\r\n<\/div>\r\n<\/div>\r\n<\/div>\r\n<\/div>\r\n<\/div>\r\n<\/div>\r\n<\/div>\r\n<\/div>\r\n\r\n\r\n\r\n<div class=\"wp-block-wemin-block margin-top-0 margin-bottom-30\">\r\n<div class=\"row mh-0 padding-top-30 padding-bottom-30 padding-left-0 padding-right-0 break-at-tablet-landscape wrap\">\r\n<div class=\"wp-block-wemin-box col cw-100-100 padding-top-0 padding-bottom-0 padding-left-0 padding-right-0 margin-top-0 margin-bottom-0\" data-sal=\"\" data-sal-delay=\"100\" data-sal-duration=\"500\" data-sal-easing=\"linear\">\r\n<div class=\"col-12\">\r\n<h2 id=\"tecnologia\" class=\"has-text-align-center\" style=\"text-align: left;\">Tecnolog\u00eda<\/h2>\r\n\r\n\r\n\r\n<p class=\"has-medium-font-size\">Blockchain Work Labs es una empresa especializada en el desarrollo e implementaci\u00f3n de soluciones blockchain. Blockchain permite crear interconexiones seguras con otros sistemas, generando m\u00e1s confianza a trav\u00e9s de un modelo descentralizado en el que no hay intermediarios. De esta manera se pueden satisfacer necesidades dentro de la industria mejorando as\u00ed los flujos de trabajo existentes, reduciendo los costes y garantizando una mayor transparencia.<\/p>\r\n\r\n\r\n\r\n\r\n\r\n\r\n\r\n<p class=\"has-medium-font-size\">Existen dos tipos de soluciones blockchain, permisionada (privada) o p\u00fablica (Ethereum, Nem, Stellar). De las distintas redes Blockchain p\u00fablicas existentes, se ha seleccionado la red Stellar para albergar los Pombos debido a su robusta seguridad. Gracias a esta tecnolog\u00eda todas las transacciones de Pombos pueden ser trazadas en tiempo real por medio de cualquier explorador de Stellar, como por ejemplo <a href=\"http:\/\/stellarchain.io.\">stellarchain.io.<\/a><\/p>\r\n\r\n\r\n\r\n\r\n\r\n<figure><\/figure>\r\n<figure><\/figure>\r\n<figure><\/figure>\r\n<figure><\/figure>\r\n<figure><\/figure>\r\n<figure class=\"wp-block-image\"><img loading=\"lazy\" width=\"1024\" height=\"839\" class=\"wp-image-33\" src=\"https:\/\/fundacionpombo.org\/tokenspombo\/wp-content\/uploads\/2019\/07\/infografia-1024x839.png\" alt=\"\" srcset=\"https:\/\/fundacionpombo.org\/tokenspombo\/wp-content\/uploads\/2019\/07\/infografia-1024x839.png 1024w, https:\/\/fundacionpombo.org\/tokenspombo\/wp-content\/uploads\/2019\/07\/infografia-300x246.png 300w, https:\/\/fundacionpombo.org\/tokenspombo\/wp-content\/uploads\/2019\/07\/infografia-768x629.png 768w, https:\/\/fundacionpombo.org\/tokenspombo\/wp-content\/uploads\/2019\/07\/infografia.png 1067w\" sizes=\"(max-width: 1024px) 100vw, 1024px\" \/><\/figure>\r\n<\/div>\r\n<\/div>\r\n<\/div>\r\n<\/div>\r\n\r\n\r\n\r\n<div class=\"wp-block-wemin-block margin-top-0 margin-bottom-30\">\r\n<div class=\"row mh-0 padding-top-30 padding-bottom-30 padding-left-0 padding-right-0 break-at-tablet-landscape wrap\">\r\n<div class=\"wp-block-wemin-box col cw-100-100 padding-top-0 padding-bottom-0 padding-left-0 padding-right-0 margin-top-0 margin-bottom-0\" data-sal=\"\" data-sal-delay=\"100\" data-sal-duration=\"500\" data-sal-easing=\"linear\">\r\n<div class=\"col-12\">\r\n<h4 style=\"text-align: center;\">RECONOCIMIENTOS<\/h4>\r\n<p style=\"text-align: center;\">Finalistas en los <strong>Premios<\/strong> <strong>Financial Times Innovative Lawyers Europe<\/strong> en el 2020 en la categor\u00eda de Innovation in social responsability.<\/p>\r\n<p style=\"text-align: center;\">Finalistas en los <strong>Premios Expansi\u00f3n<\/strong> <strong>2019<\/strong> en la categor\u00eda Proyecto m\u00e1s innovador y <strong>2020<\/strong> en la categor\u00eda Mejor iniciativa pro bono.<\/p>\r\n<p style=\"text-align: center;\">Finalistas en los <strong>Global Pro Bono Awards<\/strong> 2020 en la categor\u00eda Local Pro Bono Impact.<\/p>\r\n<p>&nbsp;<\/p>\r\n<h4 id=\"colaboradores\" class=\"has-text-align-center\" style=\"text-align: center;\"><span style=\"color: #ff0000;\"><br \/><\/span>COLABORADORES<\/h4>\r\n\r\n\r\n\r\n<p class=\"has-text-align-center has-medium-font-size\" style=\"text-align: center;\">La primera emisi\u00f3n de \u00abTokens Pombo\u00bb ha sido suscrita por <strong>CEMEX<\/strong>, <strong>EBN Banco<\/strong>, <strong>Ford<\/strong>, <strong>Fundaci\u00f3n Bancaria Ibercaja<\/strong>, <strong>Fundaci\u00f3n Bot\u00edn<\/strong>, <strong>Fundaci\u00f3n Mutua Madrile\u00f1a<\/strong>, <strong>Grupo Romeu<\/strong>, <strong>IBM<\/strong>, <strong>MACSA ID<\/strong> y <strong>Mutualidad de la Abogac\u00eda<\/strong>.<\/p>\r\n<\/div>\r\n<\/div>\r\n<\/div>\r\n<\/div>\r\n\r\n\r\n\r\n<div class=\"wp-block-getwid-section alignfull alignfull getwid-section-content-custom-width\">\r\n<div class=\"wp-block-getwid-section__wrapper getwid-padding-top-large getwid-padding-bottom-large getwid-padding-left-medium getwid-padding-right-medium\">\r\n<div class=\"wp-block-getwid-section__inner-wrapper\" style=\"max-width: 1380px;\">\r\n<div class=\"wp-block-getwid-section__background\">\u00a0<\/div>\r\n<\/div>\r\n<\/div>\r\n<\/div>\r\n","protected":false},"excerpt":{"rendered":"","protected":false},"author":1,"featured_media":0,"parent":0,"menu_order":0,"comment_status":"closed","ping_status":"closed","template":"","meta":[],"_links":{"self":[{"href":"https:\/\/fundacionpombo.org\/tokenspombo\/wp-json\/wp\/v2\/pages\/51"}],"collection":[{"href":"https:\/\/fundacionpombo.org\/tokenspombo\/wp-json\/wp\/v2\/pages"}],"about":[{"href":"https:\/\/fundacionpombo.org\/tokenspombo\/wp-json\/wp\/v2\/types\/page"}],"author":[{"embeddable":true,"href":"https:\/\/fundacionpombo.org\/tokenspombo\/wp-json\/wp\/v2\/users\/1"}],"replies":[{"embeddable":true,"href":"https:\/\/fundacionpombo.org\/tokenspombo\/wp-json\/wp\/v2\/comments?post=51"}],"version-history":[{"count":6,"href":"https:\/\/fundacionpombo.org\/tokenspombo\/wp-json\/wp\/v2\/pages\/51\/revisions"}],"predecessor-version":[{"id":652,"href":"https:\/\/fundacionpombo.org\/tokenspombo\/wp-json\/wp\/v2\/pages\/51\/revisions\/652"}],"wp:attachment":[{"href":"https:\/\/fundacionpombo.org\/tokenspombo\/wp-json\/wp\/v2\/media?parent=51"}],"curies":[{"name":"wp","href":"https:\/\/api.w.org\/{rel}","templated":true}]}}