{"id":79,"date":"2019-07-25T12:14:06","date_gmt":"2019-07-25T10:14:06","guid":{"rendered":"http:\/\/fundacionpombo.org\/tokenspombo\/?page_id=79"},"modified":"2020-10-29T12:18:08","modified_gmt":"2020-10-29T11:18:08","slug":"tokens-infancia-y-salud","status":"publish","type":"page","link":"https:\/\/fundacionpombo.org\/tokenspombo\/tokens-infancia-y-salud\/","title":{"rendered":"Tokens Menores y salud"},"content":{"rendered":"\n<div class=\"wp-block-wemin-block margin-top-0 margin-bottom-60 has-background-image\" style=\"background-image:url(https:\/\/fundacionpombo.org\/tokenspombo\/wp-content\/uploads\/2019\/07\/nino.jpg)\"><div class=\"row mh-500 padding-top-75 padding-bottom-75 padding-left-0 padding-right-0 break-at-tablet-landscape wrap\">\n<div class=\"wp-block-wemin-box col cw-60-100 padding-top-18 padding-bottom-18 padding-left-18 padding-right-18 margin-top-0 margin-bottom-0 has-background has-white-background-color heritage-min-height\" data-sal=\"slide-right\" data-sal-delay=\"300\" data-sal-duration=\"600\" data-sal-easing=\"linear\"><div class=\"col-v-c col-12\">\n<h2 class=\"wp-block-wemin-heading bold-color has-background has-red-background-color\">Menores y salud.<\/h2>\n\n\n\n<p class=\"has-medium-font-size\">Nuestros menores son extremadamente importantes en la sociedad, son el futuro. Por ello, debemos prestarles la atenci\u00f3n especial que merecen, garantizando el acceso a derechos de ni\u00f1os y j\u00f3venes, y aquellos doblemente vulnerables por tener alguna enfermedad o condici\u00f3n que les dificulte el disfrute de los mismos. La Fundaci\u00f3n desarrolla proyectos con entidades sociales que promueven la mejora de los derechos de estos ni\u00f1os y sus familiares. En este proyecto, coordinaremos abogados <em>pro bono<\/em> con expertos en innovaci\u00f3n social para eliminar barreras legales de acceso a diagn\u00f3stico, tratamiento, medicaci\u00f3n, terapia o seguimiento de su enfermedad, as\u00ed como contar con el apoyo de familiares con independencia del lugar del tratamiento.<br><\/p>\n\n\n\n<div style=\"height:25px\" aria-hidden=\"true\" class=\"wp-block-spacer\"><\/div>\n\n\n\n<div class=\"wp-block-button -outline\"><a class=\"wp-block-button__link has-text-color has-black-color no-border-radius\" href=\"https:\/\/fundacionpombo.org\/tokenspombo\/infancia-y-salud\/\">Impacto<\/a><\/div>\n<\/div><\/div>\n<\/div><\/div>\n\n\n\n<div class=\"wp-block-wemin-block margin-top-0 margin-bottom-0\"><div class=\"row mh-0 padding-top-30 padding-bottom-0 padding-left-0 padding-right-0 break-at-tablet-landscape wrap\">\n<div class=\"wp-block-wemin-box col cw-100-100 padding-top-0 padding-bottom-0 padding-left-0 padding-right-0 margin-top-0 margin-bottom-0\" data-sal=\"\" data-sal-delay=\"100\" data-sal-duration=\"500\" data-sal-easing=\"linear\"><div class=\"col-12\">\n<h3 class=\"wp-block-wemin-heading ta-center\">Balance de Tokens.<\/h3>\n\n\n\n<p class=\"has-medium-font-size\">El balance y el detalle de las transacciones de los Tokens Pombos asegura, por un lado, la transparencia  de las horas de trabajo pro bono invertidas por los abogados de  G\u00f3mez-Acebo &amp; Pombo en los proyectos jur\u00eddicos de la Fundaci\u00f3n  Fernando Pombo y, por otro,  permite la trazabilidad de la participaci\u00f3n de los suscriptores de los <em>tokens <\/em>en el proyecto seleccionado. <\/p>\n<\/div><\/div>\n<\/div><\/div>\n\n\n\n<div class=\"wp-block-wemin-block margin-top-0 margin-bottom-30\"><div class=\"row row-sa mh-100 padding-top-30 padding-bottom-30 padding-left-0 padding-right-0 break-at-tablet-landscape wrap\">\n<div class=\"wp-block-wemin-box col cw-30-100 padding-top-0 padding-bottom-0 padding-left-0 padding-right-0 margin-top-0 margin-bottom-0 has-border has-background has-red-background-color heritage-min-height\" data-sal=\"\" data-sal-delay=\"100\" data-sal-duration=\"500\" data-sal-easing=\"linear\"><div class=\"col-v-c col-12\">\n<div class=\"wp-block-getwid-counter has-white-color\"><div class=\"wp-block-getwid-counter__wrapper\" style=\"text-align:center\" data-start=\"0\" data-end=\"0\" data-decimal-places=\"0\" data-duration=\"4\" data-use-easing=\"true\" data-use-grouping=\"true\" data-separator=\",\" data-decimal=\".\" data-easing-fn=\"outExpo\" data-numerals=\"default\"><p class=\"wp-block-getwid-counter__prefix\">Recaudados<\/p><span class=\"wp-block-getwid-counter__number has-text-color has-white-color\">0<\/span><\/div><\/div>\n<\/div><\/div>\n\n\n\n<div class=\"wp-block-wemin-box col cw-30-100 padding-top-0 padding-bottom-0 padding-left-0 padding-right-0 margin-top-0 margin-bottom-0 has-border has-background has-red-background-color heritage-min-height\" data-sal=\"\" data-sal-delay=\"100\" data-sal-duration=\"500\" data-sal-easing=\"linear\"><div class=\"col-v-c col-12\">\n<div class=\"wp-block-getwid-counter has-white-color\"><div class=\"wp-block-getwid-counter__wrapper\" style=\"text-align:center\" data-start=\"0\" data-end=\"0\" data-decimal-places=\"0\" data-duration=\"4\" data-use-easing=\"true\" data-use-grouping=\"true\" data-separator=\",\" data-decimal=\".\" data-easing-fn=\"outExpo\" data-numerals=\"default\"><p class=\"wp-block-getwid-counter__prefix\">Utilizados<\/p><span class=\"wp-block-getwid-counter__number has-text-color has-white-color\">0<\/span><\/div><\/div>\n<\/div><\/div>\n<\/div><\/div>\n\n\n\n<div class=\"wp-block-wemin-block margin-top-0 margin-bottom-30\"><div class=\"row mh-0 padding-top-30 padding-bottom-30 padding-left-0 padding-right-0 break-at-tablet-landscape wrap\">\n<div class=\"wp-block-wemin-box col cw-100-100 padding-top-0 padding-bottom-0 padding-left-0 padding-right-0 margin-top-0 margin-bottom-0\" data-sal=\"\" data-sal-delay=\"100\" data-sal-duration=\"500\" data-sal-easing=\"linear\"><div class=\"col-12\">\n<p> Wallet address in <a rel=\"noreferrer noopener\" href=\"http:\/\/stellarchain.io\" target=\"_blank\">Stellar<\/a><\/p>\n\n\n\n<table class=\"wp-block-table aligncenter has-subtle-pale-pink-background-color has-fixed-layout has-background is-style-stripes\"><tbody><tr><td>Tipo de transacci\u00f3n<img loading=\"lazy\" width=\"64\" height=\"64\" class=\"wp-image-231\" style=\"width: 64px;\" src=\"https:\/\/fundacionpombo.org\/tokenspombo\/wp-content\/uploads\/2019\/09\/buy-1.png\" alt=\"\"><\/td><td>Id de transacci\u00f3n<img loading=\"lazy\" width=\"64\" height=\"64\" class=\"wp-image-233\" style=\"width: 64px;\" src=\"https:\/\/fundacionpombo.org\/tokenspombo\/wp-content\/uploads\/2019\/09\/id-card-1.png\" alt=\"\"><\/td><td>Cantidad<img loading=\"lazy\" width=\"64\" height=\"64\" class=\"wp-image-234\" style=\"width: 64px;\" src=\"https:\/\/fundacionpombo.org\/tokenspombo\/wp-content\/uploads\/2019\/09\/stack-exchange-symbol-1.png\" alt=\"\"><\/td><td>Fecha<img loading=\"lazy\" width=\"64\" height=\"64\" class=\"wp-image-232\" style=\"width: 64px;\" src=\"https:\/\/fundacionpombo.org\/tokenspombo\/wp-content\/uploads\/2019\/09\/calendar-1.png\" alt=\"\"><\/td><\/tr><\/tbody><\/table>\n<\/div><\/div>\n<\/div><\/div>\n","protected":false},"excerpt":{"rendered":"","protected":false},"author":1,"featured_media":0,"parent":0,"menu_order":0,"comment_status":"closed","ping_status":"closed","template":"","meta":[],"_links":{"self":[{"href":"https:\/\/fundacionpombo.org\/tokenspombo\/wp-json\/wp\/v2\/pages\/79"}],"collection":[{"href":"https:\/\/fundacionpombo.org\/tokenspombo\/wp-json\/wp\/v2\/pages"}],"about":[{"href":"https:\/\/fundacionpombo.org\/tokenspombo\/wp-json\/wp\/v2\/types\/page"}],"author":[{"embeddable":true,"href":"https:\/\/fundacionpombo.org\/tokenspombo\/wp-json\/wp\/v2\/users\/1"}],"replies":[{"embeddable":true,"href":"https:\/\/fundacionpombo.org\/tokenspombo\/wp-json\/wp\/v2\/comments?post=79"}],"version-history":[{"count":7,"href":"https:\/\/fundacionpombo.org\/tokenspombo\/wp-json\/wp\/v2\/pages\/79\/revisions"}],"predecessor-version":[{"id":536,"href":"https:\/\/fundacionpombo.org\/tokenspombo\/wp-json\/wp\/v2\/pages\/79\/revisions\/536"}],"wp:attachment":[{"href":"https:\/\/fundacionpombo.org\/tokenspombo\/wp-json\/wp\/v2\/media?parent=79"}],"curies":[{"name":"wp","href":"https:\/\/api.w.org\/{rel}","templated":true}]}}