{"id":98,"date":"2019-07-25T12:17:52","date_gmt":"2019-07-25T10:17:52","guid":{"rendered":"http:\/\/fundacionpombo.org\/tokenspombo\/?page_id=98"},"modified":"2019-09-24T17:50:48","modified_gmt":"2019-09-24T15:50:48","slug":"tokens-victimas-de-trata-con-fines-de-explotacion-sexual","status":"publish","type":"page","link":"https:\/\/fundacionpombo.org\/tokenspombo\/tokens-victimas-de-trata-con-fines-de-explotacion-sexual\/","title":{"rendered":"Tokens V\u00edctimas de trata con fines de explotaci\u00f3n sexual"},"content":{"rendered":"\n<div class=\"wp-block-wemin-block margin-top-0 margin-bottom-60 has-background-image\" style=\"background-image:url(https:\/\/fundacionpombo.org\/tokenspombo\/wp-content\/uploads\/2019\/07\/alambrada.jpg)\"><div class=\"row mh-500 padding-top-75 padding-bottom-75 padding-left-0 padding-right-0 break-at-tablet-landscape wrap\">\n<div class=\"wp-block-wemin-box col cw-60-100 padding-top-18 padding-bottom-18 padding-left-18 padding-right-18 margin-top-0 margin-bottom-0 has-background has-white-background-color heritage-min-height\" data-sal=\"slide-right\" data-sal-delay=\"300\" data-sal-duration=\"600\" data-sal-easing=\"linear\"><div class=\"col-v-c col-12\">\n<h2 class=\"wp-block-wemin-heading\">V\u00edctimas de trata con fines de explotaci\u00f3n sexual.<\/h2>\n\n\n\n<p class=\"has-medium-font-size\">La trata de seres humanos es una de las situaciones que atenta de manera  m\u00e1s intensa y directa contra los derechos humanos, la dignidad y la  libertad del ser humano. Espa\u00f1a contin\u00faa siendo uno de los principales  pa\u00edses de destino de v\u00edctimas de trata de seres humanos,  mayoritariamente, con fines de explotaci\u00f3n sexual. En este proyecto, en  coordinaci\u00f3n con abogados pro bono, entidades sociales, abogados  especialistas en trata de seres humanos e instituciones p\u00fablicas y  privadas representativas en el \u00e1mbito de la trata, analizaremos y  buscaremos las mejores soluciones a las principales barreras legales que  se encuentran las v\u00edctimas y supervivientes de trata en el acceso  efectivo a sus derechos.  <\/p>\n\n\n\n<div style=\"height:25px\" aria-hidden=\"true\" class=\"wp-block-spacer\"><\/div>\n\n\n\n<div class=\"wp-block-button is-style-squared-outline\"><a class=\"wp-block-button__link has-text-color has-black-color\" href=\"https:\/\/fundacionpombo.org\/tokenspombo\/victimas-de-trata-con-fines-de-explotacion-sexual\/\">IMPACTO<\/a><\/div>\n<\/div><\/div>\n<\/div><\/div>\n\n\n\n<div class=\"wp-block-wemin-block margin-top-0 margin-bottom-0\"><div class=\"row mh-0 padding-top-30 padding-bottom-0 padding-left-0 padding-right-0 break-at-tablet-landscape wrap\">\n<div class=\"wp-block-wemin-box col cw-100-100 padding-top-0 padding-bottom-0 padding-left-0 padding-right-0 margin-top-0 margin-bottom-0\" data-sal=\"\" data-sal-delay=\"100\" data-sal-duration=\"500\" data-sal-easing=\"linear\"><div class=\"col-12\">\n<h3 class=\"wp-block-wemin-heading ta-center\">Balance de Tokens.<\/h3>\n\n\n\n<p class=\"has-medium-font-size\">El balance y el detalle de las transacciones de los Tokens Pombos asegura, por un lado, la transparencia  de las horas de trabajo pro bono invertidas por los abogados de  G\u00f3mez-Acebo &amp; Pombo en los proyectos jur\u00eddicos de la Fundaci\u00f3n  Fernando Pombo y, por otro,  permite la trazabilidad de la participaci\u00f3n de los suscriptores de los <em>tokens <\/em>en el proyecto seleccionado. <\/p>\n<\/div><\/div>\n<\/div><\/div>\n\n\n\n<div class=\"wp-block-wemin-block margin-top-0 margin-bottom-30\"><div class=\"row row-sa mh-100 padding-top-30 padding-bottom-30 padding-left-0 padding-right-0 break-at-tablet-landscape wrap\">\n<div class=\"wp-block-wemin-box col cw-30-100 padding-top-0 padding-bottom-0 padding-left-0 padding-right-0 margin-top-0 margin-bottom-0 has-border has-background has-red-background-color heritage-min-height\" data-sal=\"\" data-sal-delay=\"100\" data-sal-duration=\"500\" data-sal-easing=\"linear\"><div class=\"col-v-c col-12\">\n<div class=\"wp-block-getwid-counter has-white-color\"><div class=\"wp-block-getwid-counter__wrapper\" style=\"text-align:center\" data-start=\"0\" data-end=\"0\" data-decimal-places=\"0\" data-duration=\"4\" data-use-easing=\"true\" data-use-grouping=\"true\" data-separator=\",\" data-decimal=\".\" data-easing-fn=\"outExpo\" data-numerals=\"default\"><p class=\"wp-block-getwid-counter__prefix\">Recaudados<\/p><span class=\"wp-block-getwid-counter__number has-text-color has-white-color\">0<\/span><\/div><\/div>\n<\/div><\/div>\n\n\n\n<div class=\"wp-block-wemin-box col cw-30-100 padding-top-0 padding-bottom-0 padding-left-0 padding-right-0 margin-top-0 margin-bottom-0 has-border has-background has-red-background-color heritage-min-height\" data-sal=\"\" data-sal-delay=\"100\" data-sal-duration=\"500\" data-sal-easing=\"linear\"><div class=\"col-v-c col-12\">\n<div class=\"wp-block-getwid-counter has-white-color\"><div class=\"wp-block-getwid-counter__wrapper\" style=\"text-align:center\" data-start=\"0\" data-end=\"0\" data-decimal-places=\"0\" data-duration=\"4\" data-use-easing=\"true\" data-use-grouping=\"true\" data-separator=\",\" data-decimal=\".\" data-easing-fn=\"outExpo\" data-numerals=\"default\"><p class=\"wp-block-getwid-counter__prefix\">Utilizados<\/p><span class=\"wp-block-getwid-counter__number has-text-color has-white-color\">0<\/span><\/div><\/div>\n<\/div><\/div>\n<\/div><\/div>\n\n\n\n<div class=\"wp-block-wemin-block margin-top-0 margin-bottom-30\"><div class=\"row mh-0 padding-top-30 padding-bottom-30 padding-left-0 padding-right-0 break-at-tablet-landscape wrap\">\n<div class=\"wp-block-wemin-box col cw-100-100 padding-top-0 padding-bottom-0 padding-left-0 padding-right-0 margin-top-0 margin-bottom-0\" data-sal=\"\" data-sal-delay=\"100\" data-sal-duration=\"500\" data-sal-easing=\"linear\"><div class=\"col-12\">\n<p> Wallet address in <a rel=\"noreferrer noopener\" href=\"http:\/\/stellarchain.io\" target=\"_blank\">Stellar<\/a><\/p>\n\n\n\n<table class=\"wp-block-table aligncenter has-subtle-pale-pink-background-color has-fixed-layout has-background is-style-stripes\"><tbody><tr><td>Tipo de transacci\u00f3n<img loading=\"lazy\" width=\"64\" height=\"64\" class=\"wp-image-231\" style=\"width: 64px;\" src=\"https:\/\/fundacionpombo.org\/tokenspombo\/wp-content\/uploads\/2019\/09\/buy-1.png\" alt=\"\"><\/td><td>Id de transacci\u00f3n<img loading=\"lazy\" width=\"64\" height=\"64\" class=\"wp-image-233\" style=\"width: 64px;\" src=\"https:\/\/fundacionpombo.org\/tokenspombo\/wp-content\/uploads\/2019\/09\/id-card-1.png\" alt=\"\"><\/td><td>Cantidad<img loading=\"lazy\" width=\"64\" height=\"64\" class=\"wp-image-234\" style=\"width: 64px;\" src=\"https:\/\/fundacionpombo.org\/tokenspombo\/wp-content\/uploads\/2019\/09\/stack-exchange-symbol-1.png\" alt=\"\"><\/td><td>Fecha<img loading=\"lazy\" width=\"64\" height=\"64\" class=\"wp-image-232\" style=\"width: 64px;\" src=\"https:\/\/fundacionpombo.org\/tokenspombo\/wp-content\/uploads\/2019\/09\/calendar-1.png\" alt=\"\"><\/td><\/tr><\/tbody><\/table>\n<\/div><\/div>\n<\/div><\/div>\n","protected":false},"excerpt":{"rendered":"","protected":false},"author":1,"featured_media":0,"parent":0,"menu_order":0,"comment_status":"closed","ping_status":"closed","template":"","meta":[],"_links":{"self":[{"href":"https:\/\/fundacionpombo.org\/tokenspombo\/wp-json\/wp\/v2\/pages\/98"}],"collection":[{"href":"https:\/\/fundacionpombo.org\/tokenspombo\/wp-json\/wp\/v2\/pages"}],"about":[{"href":"https:\/\/fundacionpombo.org\/tokenspombo\/wp-json\/wp\/v2\/types\/page"}],"author":[{"embeddable":true,"href":"https:\/\/fundacionpombo.org\/tokenspombo\/wp-json\/wp\/v2\/users\/1"}],"replies":[{"embeddable":true,"href":"https:\/\/fundacionpombo.org\/tokenspombo\/wp-json\/wp\/v2\/comments?post=98"}],"version-history":[{"count":2,"href":"https:\/\/fundacionpombo.org\/tokenspombo\/wp-json\/wp\/v2\/pages\/98\/revisions"}],"predecessor-version":[{"id":240,"href":"https:\/\/fundacionpombo.org\/tokenspombo\/wp-json\/wp\/v2\/pages\/98\/revisions\/240"}],"wp:attachment":[{"href":"https:\/\/fundacionpombo.org\/tokenspombo\/wp-json\/wp\/v2\/media?parent=98"}],"curies":[{"name":"wp","href":"https:\/\/api.w.org\/{rel}","templated":true}]}}